{"id":2,"date":"2011-04-24T20:21:53","date_gmt":"2011-04-24T20:21:53","guid":{"rendered":"https:\/\/jakobsweg-2011.4kmh.de\/?page_id=2"},"modified":"2011-05-16T18:06:14","modified_gmt":"2011-05-16T18:06:14","slug":"beispiel-seite","status":"publish","type":"page","link":"https:\/\/jakobsweg-2011.4kmh.de\/?page_id=2","title":{"rendered":"1. Vorhaben"},"content":{"rendered":"<p>Hallo und herzlich willkommen auf meiner Seite. Sch\u00f6n, dass du hier bist.<\/p>\n<p>Ich erstelle diese Seiten zur Dokumentation meines Jakobsweges von Urdos (Frankreich) nach Santiago de Compostela und weiter zum Kap Finisterre (Spanien). Ich hoffe, dass ich unterwegs die M\u00f6glichkeiten habe,\u00a0Inhalte einzustellen &#8211; wenn auch voraussichtlich nur in gekuerzter Version.<\/p>\n<p>Meinen ersten Schritt in Richtung Kap Finisterre setze ich\u00a0am 01. Mai 2011. Zun\u00e4chst geht es mit dem Flugzeug (Ryanair) von Frankfurt Hahn nach London Stansted, am n\u00e4chsten Tag nach Lourdes in Frankreich von wo ich aus dann mit Zug und Bus \u00fcber Pau und Oloron-Ste-Marie nach Urdos fahre. Nach einer \u00dcbernachtung starte ich dann von dort aus am n\u00e4chsten Tag (04. Mai 2011)\u00a0meinen ersten Pilgertag auf dem Jakobsweg &#8222;Camino Franc\u00e8s&#8220; in Richtung Somport-Pass\u00a0im Pyren\u00e4en-Gebirge. \u00dcber alles Weitere werde ich dann hoffentlich noch w\u00e4hrend meiner Reise berichten k\u00f6nnen. Wenn alles\u00a0wie geplant l\u00e4uft, bin ich nach ca. 6 Wochen und \u00fcber 960 km\u00a0Fu\u00dfmarsch\u00a0am &#8222;Ende der Welt&#8220; &#8211; wie das Kap Finisterre auch genannt wird &#8211; angekommen. Von da aus werde ich mich per Bus nach Santiago de Compostela zur\u00fcck begeben, um dann mit dem Flugzeug wieder in Richtung Heimat zu starten.<\/p>\n<p>Diese Seiten werde ich voraussichtlich von unterwegs nicht tagesgenau und detailiert aktualisieren koennen, da die Pflege Zeit- und Internetabhaengig ist. Wer Rechtschreibfehler findet, darf sie gerne behalten \ud83d\ude42 oder anders gesagt, schon mal jetzt sorry fuer Tipp- oder Rechschreibfehler, die mal auf die &#8222;Schnelle&#8220; passieren koennen.<\/p>\n<p>Die Artikel beinhalten jeweils einige Fotos. Unter dem Menuepunkt &#8222;Diverse Fotos&#8220; werde ich je nach Gelegenheit einige weitere der vielen hundert geknipsten Fotos einstellen.\u00a0<\/p>\n<p>W\u00fcrde mich freuen, wenn Ihr bei Eurem Besuch auf dieser Seite etwas hinterlasst&#8230;.<\/p>\n<p>Sandro \ud83d\ude42<\/p>\n<p>p.s. Das Titelbild ist\u00a0ein allgemeines Themen-Foto und hat nichts mit dem Jakobsweg oder mir zu tun. Ich versuche es w\u00e4hrend meiner Reise auszutauschen.<\/p>\n","protected":false},"excerpt":{"rendered":"<p>Hallo und herzlich willkommen auf meiner Seite. Sch\u00f6n, dass du hier bist. Ich erstelle diese Seiten zur Dokumentation meines Jakobsweges von Urdos (Frankreich) nach Santiago de Compostela und weiter zum Kap Finisterre (Spanien). Ich hoffe, dass ich unterwegs die M\u00f6glichkeiten &hellip; <a href=\"https:\/\/jakobsweg-2011.4kmh.de\/?page_id=2\">Weiterlesen <span class=\"meta-nav\">&rarr;<\/span><\/a><\/p>\n","protected":false},"author":3,"featured_media":0,"parent":0,"menu_order":0,"comment_status":"open","ping_status":"closed","template":"","meta":[],"_links":{"self":[{"href":"https:\/\/jakobsweg-2011.4kmh.de\/index.php?rest_route=\/wp\/v2\/pages\/2"}],"collection":[{"href":"https:\/\/jakobsweg-2011.4kmh.de\/index.php?rest_route=\/wp\/v2\/pages"}],"about":[{"href":"https:\/\/jakobsweg-2011.4kmh.de\/index.php?rest_route=\/wp\/v2\/types\/page"}],"author":[{"embeddable":true,"href":"https:\/\/jakobsweg-2011.4kmh.de\/index.php?rest_route=\/wp\/v2\/users\/3"}],"replies":[{"embeddable":true,"href":"https:\/\/jakobsweg-2011.4kmh.de\/index.php?rest_route=%2Fwp%2Fv2%2Fcomments&post=2"}],"version-history":[{"count":23,"href":"https:\/\/jakobsweg-2011.4kmh.de\/index.php?rest_route=\/wp\/v2\/pages\/2\/revisions"}],"predecessor-version":[{"id":7,"href":"https:\/\/jakobsweg-2011.4kmh.de\/index.php?rest_route=\/wp\/v2\/pages\/2\/revisions\/7"}],"wp:attachment":[{"href":"https:\/\/jakobsweg-2011.4kmh.de\/index.php?rest_route=%2Fwp%2Fv2%2Fmedia&parent=2"}],"curies":[{"name":"wp","href":"https:\/\/api.w.org\/{rel}","templated":true}]}}